{"id":51,"date":"2024-06-22T21:45:57","date_gmt":"2024-06-22T21:45:57","guid":{"rendered":"https:\/\/www.jezdzebezstresu.pl\/index.php\/cancel-payment\/"},"modified":"2025-04-20T16:22:39","modified_gmt":"2025-04-20T16:22:39","slug":"o-mnie","status":"publish","type":"page","link":"https:\/\/www.jezdzebezstresu.pl\/index.php\/o-mnie\/","title":{"rendered":"O mnie"},"content":{"rendered":"\n<figure class=\"wp-block-image aligncenter size-large is-resized\"><img loading=\"lazy\" decoding=\"async\" width=\"1024\" height=\"683\" src=\"http:\/\/www.jezdzebezstresu.pl\/wp-content\/uploads\/2025\/04\/Sesja-biznesowa-Magda-20-1024x683.jpg\" alt=\"\" class=\"wp-image-204\" style=\"width:459px;height:auto\" srcset=\"https:\/\/www.jezdzebezstresu.pl\/wp-content\/uploads\/2025\/04\/Sesja-biznesowa-Magda-20-1024x683.jpg 1024w, https:\/\/www.jezdzebezstresu.pl\/wp-content\/uploads\/2025\/04\/Sesja-biznesowa-Magda-20-300x200.jpg 300w, https:\/\/www.jezdzebezstresu.pl\/wp-content\/uploads\/2025\/04\/Sesja-biznesowa-Magda-20-768x512.jpg 768w, https:\/\/www.jezdzebezstresu.pl\/wp-content\/uploads\/2025\/04\/Sesja-biznesowa-Magda-20-1536x1024.jpg 1536w, https:\/\/www.jezdzebezstresu.pl\/wp-content\/uploads\/2025\/04\/Sesja-biznesowa-Magda-20-2048x1365.jpg 2048w\" sizes=\"auto, (max-width: 1024px) 100vw, 1024px\" \/><\/figure>\n\n\n\n<p><strong>mgr Magdalena Wit-Weso\u0142owska<\/strong><\/p>\n\n\n\n<p>Magister Psychologii Uniwersytetu Gda\u0144skiego. Absolwentka studi\u00f3w podyplomowych z zakresu Psychologii Transportu, Psychologii Klinicznej oraz Doradztwa Zawodowego. Psycholog uprawniony do bada\u0144 na bro\u0144. W zawodzie psychologa transportu pracuje od 2013 roku.<\/p>\n\n\n\n<p>Na co dzie\u0144 pracuj\u0119 jako psycholog transportu w jednej z gdy\u0144skich pracowni psychologicznych. Od wielu lat propaguj\u0119 wiedz\u0119 dotycz\u0105c\u0105 psychologii transportu w sieci, prowadz\u0119 blog tematyczny: <a href=\"https:\/\/psycholog-transportu.com\/\">https:\/\/psycholog-transportu.com<\/a> i zwi\u0105zane z nim media spo\u0142eczno\u015bciowe, w tym kana\u0142 na YT.<\/p>\n\n\n\n<p>Anga\u017cuj\u0119 si\u0119 w r\u00f3\u017cne eventy zwi\u0105zane z bezpiecze\u0144stwem ruchu drogowego, wsp\u00f3\u0142prowadz\u0119 warsztaty dla dzieci, szkol\u0119 i konsultuj\u0119.<\/p>\n","protected":false},"excerpt":{"rendered":"<p>mgr Magdalena Wit-Weso\u0142owska Magister Psychologii Uniwersytetu Gda\u0144skiego. Absolwentka studi\u00f3w podyplomowych z zakresu Psychologii Transportu, Psychologii Klinicznej oraz Doradztwa Zawodowego. Psycholog uprawniony do bada\u0144 na bro\u0144. W zawodzie psychologa transportu pracuje od 2013 roku. Na co dzie\u0144 pracuj\u0119 jako psycholog transportu w jednej z gdy\u0144skich pracowni psychologicznych. Od wielu lat propaguj\u0119 wiedz\u0119 dotycz\u0105c\u0105 psychologii transportu w [&hellip;]<\/p>\n","protected":false},"author":1,"featured_media":0,"parent":0,"menu_order":0,"comment_status":"closed","ping_status":"open","template":"","meta":{"footnotes":""},"class_list":["post-51","page","type-page","status-publish","hentry"],"_links":{"self":[{"href":"https:\/\/www.jezdzebezstresu.pl\/index.php\/wp-json\/wp\/v2\/pages\/51","targetHints":{"allow":["GET"]}}],"collection":[{"href":"https:\/\/www.jezdzebezstresu.pl\/index.php\/wp-json\/wp\/v2\/pages"}],"about":[{"href":"https:\/\/www.jezdzebezstresu.pl\/index.php\/wp-json\/wp\/v2\/types\/page"}],"author":[{"embeddable":true,"href":"https:\/\/www.jezdzebezstresu.pl\/index.php\/wp-json\/wp\/v2\/users\/1"}],"replies":[{"embeddable":true,"href":"https:\/\/www.jezdzebezstresu.pl\/index.php\/wp-json\/wp\/v2\/comments?post=51"}],"version-history":[{"count":4,"href":"https:\/\/www.jezdzebezstresu.pl\/index.php\/wp-json\/wp\/v2\/pages\/51\/revisions"}],"predecessor-version":[{"id":205,"href":"https:\/\/www.jezdzebezstresu.pl\/index.php\/wp-json\/wp\/v2\/pages\/51\/revisions\/205"}],"wp:attachment":[{"href":"https:\/\/www.jezdzebezstresu.pl\/index.php\/wp-json\/wp\/v2\/media?parent=51"}],"curies":[{"name":"wp","href":"https:\/\/api.w.org\/{rel}","templated":true}]}}